{"id":8,"date":"2015-08-12T18:23:41","date_gmt":"2015-08-12T17:23:41","guid":{"rendered":"http:\/\/www.jlsmitheurope.eu\/?page_id=8"},"modified":"2023-08-25T16:25:42","modified_gmt":"2023-08-25T15:25:42","slug":"impressum","status":"publish","type":"page","link":"http:\/\/www.jlsmitheurope.eu\/?page_id=8","title":{"rendered":"Impressum"},"content":{"rendered":"<table style=\"border-bottom: 10px solid #0b6fc6;\" border=\"0\" cellspacing=\"0\" cellpadding=\"0\">\n<tbody>\n<tr>\n<td colspan=\"2\">A. Marcandella AG<br \/>Kesselstrasse 4<br \/>CH-8200 Schaffhausen<\/td>\n<\/tr>\n<\/tbody>\n<\/table>\n<table style=\"background-color: #dddddd; border-bottom: 10px solid #0b6fc6;\">\n<tbody>\n<tr>\n<td width=\"25%\">Tf<\/td>\n<td width=\"75%\">+41 52 634 00 00<\/td>\n<\/tr>\n<tr>\n<td width=\"25%\">EMail<\/td>\n<td width=\"75%\"><script language=\"JavaScript\"><br \/>\n\/\/<br \/>\ndocument.write('<a href=\"mailto:office' + '@' + 'marcandella.ch\">' + 'office' + '@' + 'marcandella.ch<\/a>');<br \/>\n\/\/<br \/>\n<\/script><\/td>\n<\/tr>\n<\/tbody>\n<\/table>\n<table style=\"background-color: #cccccc;border-bottom: 1px solid #0b6fc6;\">\n<tbody>\n<tr>\n<td valign=\"top\" width=\"25%\"><span style=\"font-family: Arial;\"><b>Links<\/b><\/span><\/td>\n<td valign=\"top\" width=\"75%\">Wir haben auf verschiedenen Seiten dieser<br \/>WebSite Links zu anderen Seiten im Internet gelegt. F\u00fcr alle diese Links m\u00f6chten wir ausdr\u00fccklich festhalten, dass wir keinerlei Einfluss auf die Gestaltung und die Inhalte der damit erreichten Seiten haben.<br \/>Wir distanzieren wir uns hiermit ausdr\u00fccklich und formell von allen<br \/>Inhalten aller gelinkten Seiten auf dieser WebSite und machen uns ihre<br \/>Inhalte nicht zu Eigen. F\u00fcr diese damit erreichbaren Inhalte ist ausschliesslich der Betreiber<br \/>der erreichten Webseiten verantwortlich.<\/td>\n<\/tr>\n<\/tbody>\n<\/table>\n<table style=\"border-bottom: 1px solid #0b6fc6;\">\n<tbody>\n<tr>\n<td valign=\"top\" width=\"25%\"><span style=\"font-family: Arial;\"><b>Inhalt<\/b><\/span><\/td>\n<td valign=\"top\" width=\"75%\">Der Betreiber\/Autor dieser Website \u00fcbernimmt keinerlei Gew\u00e4hr f\u00fcr die Aktualit\u00e4t, Korrektheit, Vollst\u00e4ndigkeit oder Qualit\u00e4t der bereitgestellten Informationen. jegliche Haftungsanspr\u00fcche gegen den Autor sind grunds\u00e4tzlich ausgeschlossen.<br \/>Alle Angebote sind freibleibend und unverbindlich.<br \/>Der Autor beh\u00e4lt es sich ausdr\u00fccklich vor, Teile der Seiten oder das gesamte Angebot ohne gesonderte Ank\u00fcndigung zu ver\u00e4ndern, zu erg\u00e4nzen, zu l\u00f6schen oder die Ver\u00f6ffentlichung zeitweise oder endg\u00fcltig einzustellen.<\/td>\n<\/tr>\n<\/tbody>\n<\/table>\n<table style=\"border-bottom: 1px solid #0b6fc6;\">\n<tbody>\n<tr>\n<td valign=\"top\" bgcolor=\"#cccccc\" width=\"145\"><span style=\"font-family: Arial;\"><b>Rechtwirksamkeit<\/b><\/span><br \/>Haftungsausschluss<\/td>\n<td valign=\"top\" bgcolor=\"#cccccc\" width=\"508\">Dieser Haftungsausschluss ist als Teil des Internetangebotes zu betrachten, von dem aus auf diese Seite verwiesen wurde.<br \/>Sofern Teile oder einzelne Formulierungen dieses Textes der geltenden Rechtslage nicht, nicht mehr oder nicht vollst\u00e4ndig entsprechen sollten, bleiben die \u00fcbrigen Teile des Dokumentes in ihrem Inhalt und ihrer G\u00fcltigkeit davon unber\u00fchrt.<\/td>\n<\/tr>\n<\/tbody>\n<\/table>\n<table style=\"border-bottom: 10px solid #0b6fc6;\">\n<tbody>\n<tr>\n<td valign=\"top\" bgcolor=\"#cccccc\" width=\"145\"><span style=\"font-family: Arial;\"><b>Datenschutz<\/b><\/span><\/p>\n<\/td>\n<td valign=\"top\" bgcolor=\"#cccccc\" width=\"508\">\n<p>Im Zusammenhang mit der Erbringung von dem Verkauf von Produkten und von Dienstleistungen f\u00fcr <br \/>den Kunden kann die A.Marcandella AG unter jederzeitiger Beachtung geltender Datenschutznormen <br \/>Personendaten selbst erheben, von Dritten beschaffen, speichern, bearbeiten und an Dritte <br \/>weitergeben.<\/p>\n<p>Wenn gesetzlich erlaubt, oder \u00fcberwiegende Interessen seitens der A.Marcandella AG bestehen, oder <br \/>eine Kundeneinwilligung vorliegt, kann die A.Marcandella AG die erhobenen Personendaten f\u00fcr <br \/>folgende Zwecke bearbeiten: <br \/>a) zur \u00dcberpr\u00fcfung von Voraussetzungen f\u00fcr einen Vertragsabschluss;<br \/>b) zur Erf\u00fcllung von vertraglichen Verpflichtungen gegen\u00fcber dem Kunden;<br \/>c) zur Pflege, Entwicklung und Erhaltung der Kundenbeziehung;<br \/>d) um Dienste zu individualisieren oder personalisierte Inhalte bereitzustellen z.B. mittels <br \/>Untersuchung hinsichtlich der Demographie, des Nutzungsverhaltens und der Nutzerinteressen;<br \/>e) zur Adressvalidierung.<br \/>f) zur Verhinderung einer unrechtm\u00e4ssigen Benutzung von Dienstleistungen<br \/>(insbesondere zur Verhinderung von Betrugsf\u00e4llen beim Vertragsschluss<br \/>und w\u00e4hrend der Dauer des Vertrags);<br \/>g) zur Rechnungsstellung, zu Inkassozwecken und f\u00fcr Bonit\u00e4ts- und Kreditw\u00fcrdigkeitspr\u00fcfungen;<br \/>h) zur Bewerbung, Gestaltung und Weiterentwicklung von Produkten;<\/p>\n<p>Die A.Marcandella AG darf Dritte im In- und Ausland zur Datenbearbeitung beiziehen.<br \/>Beim Beizug von Dritten aus dem In- und Ausland durch die A.Marcandella AG sind diese entsprechend <br \/>vertraglich verpflichtet, die gem\u00e4ss g\u00fcltigem Datenschutzrecht notwendigen Massnahmen einzuhalten.<\/p>\n<\/td>\n<\/tr>\n<\/tbody>\n<\/table>\n\n\n<p><br><\/p>\n","protected":false},"excerpt":{"rendered":"<p>A. Marcandella AGKesselstrasse 4CH-8200 Schaffhausen Tf +41 52 634 00 00 EMail Links Wir haben auf verschiedenen Seiten dieserWebSite Links zu anderen Seiten im Internet gelegt. F\u00fcr alle diese Links m\u00f6chten wir ausdr\u00fccklich festhalten, dass wir keinerlei Einfluss auf die Gestaltung und die Inhalte der damit erreichten Seiten haben.Wir distanzieren wir uns hiermit ausdr\u00fccklich und &hellip; <a href=\"http:\/\/www.jlsmitheurope.eu\/?page_id=8\" class=\"more-link\"><span class=\"screen-reader-text\">Impressum<\/span> weiterlesen <span class=\"meta-nav\">&rarr;<\/span><\/a><\/p>\n","protected":false},"author":1,"featured_media":0,"parent":0,"menu_order":0,"comment_status":"closed","ping_status":"closed","template":"","meta":{"footnotes":""},"class_list":["post-8","page","type-page","status-publish","hentry"],"_links":{"self":[{"href":"http:\/\/www.jlsmitheurope.eu\/index.php?rest_route=\/wp\/v2\/pages\/8","targetHints":{"allow":["GET"]}}],"collection":[{"href":"http:\/\/www.jlsmitheurope.eu\/index.php?rest_route=\/wp\/v2\/pages"}],"about":[{"href":"http:\/\/www.jlsmitheurope.eu\/index.php?rest_route=\/wp\/v2\/types\/page"}],"author":[{"embeddable":true,"href":"http:\/\/www.jlsmitheurope.eu\/index.php?rest_route=\/wp\/v2\/users\/1"}],"replies":[{"embeddable":true,"href":"http:\/\/www.jlsmitheurope.eu\/index.php?rest_route=%2Fwp%2Fv2%2Fcomments&post=8"}],"version-history":[{"count":21,"href":"http:\/\/www.jlsmitheurope.eu\/index.php?rest_route=\/wp\/v2\/pages\/8\/revisions"}],"predecessor-version":[{"id":160,"href":"http:\/\/www.jlsmitheurope.eu\/index.php?rest_route=\/wp\/v2\/pages\/8\/revisions\/160"}],"wp:attachment":[{"href":"http:\/\/www.jlsmitheurope.eu\/index.php?rest_route=%2Fwp%2Fv2%2Fmedia&parent=8"}],"curies":[{"name":"wp","href":"https:\/\/api.w.org\/{rel}","templated":true}]}}